{"id":305,"date":"2020-11-30T18:51:04","date_gmt":"2020-11-30T17:51:04","guid":{"rendered":"http:\/\/www.aerisconseils.com\/?page_id=305"},"modified":"2021-03-09T20:41:28","modified_gmt":"2021-03-09T19:41:28","slug":"restructuration-de-groupes","status":"publish","type":"page","link":"http:\/\/www.aerisconseils.com\/index.php\/restructuration-de-groupes\/","title":{"rendered":"Restructuration de soci\u00e9t\u00e9s"},"content":{"rendered":"\t\t<div data-elementor-type=\"wp-page\" data-elementor-id=\"305\" class=\"elementor elementor-305\" data-elementor-settings=\"[]\">\n\t\t\t\t\t\t<div class=\"elementor-inner\">\n\t\t\t\t\t\t\t<div class=\"elementor-section-wrap\">\n\t\t\t\t\t\t\t<section class=\"elementor-section elementor-top-section elementor-element elementor-element-28a098b elementor-section-boxed elementor-section-height-default elementor-section-height-default\" data-id=\"28a098b\" data-element_type=\"section\">\n\t\t\t\t\t\t<div class=\"elementor-container elementor-column-gap-default\">\n\t\t\t\t\t\t\t<div class=\"elementor-row\">\n\t\t\t\t\t<div class=\"elementor-column elementor-col-100 elementor-top-column elementor-element elementor-element-aff7f7b\" data-id=\"aff7f7b\" data-element_type=\"column\">\n\t\t\t<div class=\"elementor-column-wrap elementor-element-populated\">\n\t\t\t\t\t\t\t<div class=\"elementor-widget-wrap\">\n\t\t\t\t\t\t<div class=\"elementor-element elementor-element-2f78d95 elementor-widget elementor-widget-heading\" data-id=\"2f78d95\" data-element_type=\"widget\" data-widget_type=\"heading.default\">\n\t\t\t\t<div class=\"elementor-widget-container\">\n\t\t\t<h4 class=\"elementor-heading-title elementor-size-default\">D\u00e9veloppement \/ Restructuration<br>de soci\u00e9t\u00e9s et de groupes <\/h4>\t\t<\/div>\n\t\t\t\t<\/div>\n\t\t\t\t\t\t<\/div>\n\t\t\t\t\t<\/div>\n\t\t<\/div>\n\t\t\t\t\t\t\t\t<\/div>\n\t\t\t\t\t<\/div>\n\t\t<\/section>\n\t\t\t\t<section class=\"elementor-section elementor-top-section elementor-element elementor-element-92cf783 elementor-section-boxed elementor-section-height-default elementor-section-height-default\" data-id=\"92cf783\" data-element_type=\"section\">\n\t\t\t\t\t\t<div class=\"elementor-container elementor-column-gap-default\">\n\t\t\t\t\t\t\t<div class=\"elementor-row\">\n\t\t\t\t\t<div class=\"elementor-column elementor-col-100 elementor-top-column elementor-element elementor-element-64ffaca\" data-id=\"64ffaca\" data-element_type=\"column\">\n\t\t\t<div class=\"elementor-column-wrap elementor-element-populated\">\n\t\t\t\t\t\t\t<div class=\"elementor-widget-wrap\">\n\t\t\t\t\t\t<div class=\"elementor-element elementor-element-6de61d3 elementor-widget elementor-widget-text-editor\" data-id=\"6de61d3\" data-element_type=\"widget\" data-widget_type=\"text-editor.default\">\n\t\t\t\t<div class=\"elementor-widget-container\">\n\t\t\t\t\t<div class=\"elementor-text-editor elementor-clearfix\"><p>Vous avez des projets de d\u00e9veloppement qui n\u00e9cessitent des capitaux et vous recherchez des investisseurs ?&nbsp;Le&nbsp;<strong>Cabinet AERIS CONSEILS<\/strong>, avocats intervenant en droit des soci\u00e9t\u00e9s&nbsp;\u00e0 Saint-Etienne vous accompagne dans la n\u00e9gociation des conditions d\u2019entr\u00e9e des investisseurs, la cr\u00e9ation d\u2019actions de pr\u00e9f\u00e9rence et la r\u00e9daction de votre pacte d\u2019associ\u00e9s fondateurs \/ investisseurs.<\/p>\n<p>Le&nbsp;<strong>Cabinet AERIS CONSEILS<\/strong>&nbsp;vous conseille sur les opportunit\u00e9s fiscales \u00e0 la fois pour les fondateurs et pour les investisseurs&nbsp;: cr\u00e9ation de holding de fondateurs et r\u00e9ductions fiscales pour les investisseurs.<\/p>\n<p><\/p>\n<p>Vous souhaitez r\u00e9organiser vos diff\u00e9rentes activit\u00e9s en cr\u00e9ant une soci\u00e9t\u00e9 holding ?<\/p>\n<p>Nous sommes \u00e0 m\u00eame d&rsquo;\u00eatre \u00e0 vos c\u00f4t\u00e9s pour vous conseiller et vous accompagner sur les op\u00e9rations d\u2019apports ou de cessions de titres, fusion, scission, transmission universelle de patrimoine, apport partiel d&rsquo;actifs&#8230;<\/p>\n<p>Nous r\u00e9alisons les op\u00e9rations de LBO, FBO et OBO afin de r\u00e9pondre \u00e0 vos objectifs \u00e9conomiques de d\u00e9veloppement avec la meilleure optimisation fiscale.<\/p>\n<p><\/p>\n<p>Vous avez subi des pertes comptables et vous devez donner une meilleure image de vos capitaux propres&nbsp;ou \u00e0 l\u2019inverse vous avez beaucoup de r\u00e9serves et cela freine votre projet de cession de titres : le&nbsp;<strong>Cabinet AERIS CONSEILS<\/strong>, avocats intervenant en droit des soci\u00e9t\u00e9s&nbsp;\u00e0 Saint-Etienne vous conseille et r\u00e9alise les op\u00e9rations de haut de bilan en partenariat avec votre expert-comptable.<\/p>\n<p><\/p>\n<p><em>Ensemble, faisons grandir votre projet !<\/em><\/p><\/div>\n\t\t\t\t<\/div>\n\t\t\t\t<\/div>\n\t\t\t\t\t\t<\/div>\n\t\t\t\t\t<\/div>\n\t\t<\/div>\n\t\t\t\t\t\t\t\t<\/div>\n\t\t\t\t\t<\/div>\n\t\t<\/section>\n\t\t\t\t<section class=\"elementor-section elementor-top-section elementor-element elementor-element-8f20510 elementor-section-boxed elementor-section-height-default elementor-section-height-default\" data-id=\"8f20510\" data-element_type=\"section\">\n\t\t\t\t\t\t<div class=\"elementor-container elementor-column-gap-default\">\n\t\t\t\t\t\t\t<div class=\"elementor-row\">\n\t\t\t\t\t<div class=\"elementor-column elementor-col-100 elementor-top-column elementor-element elementor-element-78cdff3\" data-id=\"78cdff3\" data-element_type=\"column\">\n\t\t\t<div class=\"elementor-column-wrap elementor-element-populated\">\n\t\t\t\t\t\t\t<div class=\"elementor-widget-wrap\">\n\t\t\t\t\t\t<div class=\"elementor-element elementor-element-dd89785 elementor-button-danger elementor-align-center elementor-widget elementor-widget-button\" data-id=\"dd89785\" data-element_type=\"widget\" data-widget_type=\"button.default\">\n\t\t\t\t<div class=\"elementor-widget-container\">\n\t\t\t\t\t<div class=\"elementor-button-wrapper\">\n\t\t\t<a href=\"http:\/\/www.aerisconseils.com\/index.php\/professionnels\/\" class=\"elementor-button-link elementor-button elementor-size-lg\" role=\"button\">\n\t\t\t\t\t\t<span class=\"elementor-button-content-wrapper\">\n\t\t\t\t\t\t<span class=\"elementor-button-icon elementor-align-icon-left\">\n\t\t\t\t<i aria-hidden=\"true\" class=\"far fa-file-alt\"><\/i>\t\t\t<\/span>\n\t\t\t\t\t\t<span class=\"elementor-button-text\">Nos domaines d'intervention<\/span>\n\t\t<\/span>\n\t\t\t\t\t<\/a>\n\t\t<\/div>\n\t\t\t\t<\/div>\n\t\t\t\t<\/div>\n\t\t\t\t\t\t<\/div>\n\t\t\t\t\t<\/div>\n\t\t<\/div>\n\t\t\t\t\t\t\t\t<\/div>\n\t\t\t\t\t<\/div>\n\t\t<\/section>\n\t\t\t\t\t\t<\/div>\n\t\t\t\t\t\t<\/div>\n\t\t\t\t\t<\/div>\n\t\t","protected":false},"excerpt":{"rendered":"<p>D\u00e9veloppement \/ Restructurationde soci\u00e9t\u00e9s et de groupes Vous avez des projets de d\u00e9veloppement qui n\u00e9cessitent des capitaux et vous recherchez des investisseurs ?&nbsp;Le&nbsp;Cabinet AERIS CONSEILS, avocats intervenant en droit des soci\u00e9t\u00e9s&nbsp;\u00e0 Saint-Etienne vous accompagne dans la n\u00e9gociation des conditions d\u2019entr\u00e9e des investisseurs, la cr\u00e9ation d\u2019actions de pr\u00e9f\u00e9rence et la r\u00e9daction de votre pacte d\u2019associ\u00e9s fondateurs &hellip; <\/p>\n<p class=\"link-more\"><a href=\"http:\/\/www.aerisconseils.com\/index.php\/restructuration-de-groupes\/\" class=\"more-link\">Continuer la lecture<span class=\"screen-reader-text\"> de &laquo;&nbsp;Restructuration de soci\u00e9t\u00e9s&nbsp;&raquo;<\/span><\/a><\/p>\n","protected":false},"author":1,"featured_media":0,"parent":0,"menu_order":0,"comment_status":"closed","ping_status":"closed","template":"elementor_header_footer","meta":[],"_links":{"self":[{"href":"http:\/\/www.aerisconseils.com\/index.php\/wp-json\/wp\/v2\/pages\/305"}],"collection":[{"href":"http:\/\/www.aerisconseils.com\/index.php\/wp-json\/wp\/v2\/pages"}],"about":[{"href":"http:\/\/www.aerisconseils.com\/index.php\/wp-json\/wp\/v2\/types\/page"}],"author":[{"embeddable":true,"href":"http:\/\/www.aerisconseils.com\/index.php\/wp-json\/wp\/v2\/users\/1"}],"replies":[{"embeddable":true,"href":"http:\/\/www.aerisconseils.com\/index.php\/wp-json\/wp\/v2\/comments?post=305"}],"version-history":[{"count":6,"href":"http:\/\/www.aerisconseils.com\/index.php\/wp-json\/wp\/v2\/pages\/305\/revisions"}],"predecessor-version":[{"id":393,"href":"http:\/\/www.aerisconseils.com\/index.php\/wp-json\/wp\/v2\/pages\/305\/revisions\/393"}],"wp:attachment":[{"href":"http:\/\/www.aerisconseils.com\/index.php\/wp-json\/wp\/v2\/media?parent=305"}],"curies":[{"name":"wp","href":"https:\/\/api.w.org\/{rel}","templated":true}]}}